{"id":41,"date":"2020-06-28T16:59:08","date_gmt":"2020-06-28T16:59:08","guid":{"rendered":"http:\/\/www.wp.markadis.com.tr\/?page_id=41"},"modified":"2022-10-04T13:25:20","modified_gmt":"2022-10-04T13:25:20","slug":"contact","status":"publish","type":"page","link":"https:\/\/en.markadis.com.tr\/tr\/contact\/","title":{"rendered":"Contact"},"content":{"rendered":"<div class=\"wpforms-container wpforms-container-full\" id=\"wpforms-233\"><form id=\"wpforms-form-233\" class=\"wpforms-validate wpforms-form\" data-formid=\"233\" method=\"post\" enctype=\"multipart\/form-data\" action=\"\/tr\/wp-json\/wp\/v2\/pages\/41\/\"><noscript class=\"wpforms-error-noscript\">Bu formu bitirebilmek i\u00e7in taray\u0131c\u0131n\u0131zda JavaScript&#039;i etkinle\u015ftirin.<\/noscript><div class=\"wpforms-field-container\"><div id=\"wpforms-233-field_0-container\" class=\"wpforms-field wpforms-field-name\" data-field-id=\"0\"><label class=\"wpforms-field-label\" for=\"wpforms-233-field_0\">Ad\u0131n\u0131z Soyad\u0131n\u0131z <span class=\"wpforms-required-label\">*<\/span><\/label><div class=\"wpforms-field-row wpforms-field-large\"><div class=\"wpforms-field-row-block wpforms-first wpforms-one-half\"><input type=\"text\" id=\"wpforms-233-field_0\" class=\"wpforms-field-name-first wpforms-field-required\" name=\"wpforms[fields][0][first]\" required><label for=\"wpforms-233-field_0\" class=\"wpforms-field-sublabel after wpforms-sublabel-hide\">Ad<\/label><\/div><div class=\"wpforms-field-row-block wpforms-one-half\"><input type=\"text\" id=\"wpforms-233-field_0-last\" class=\"wpforms-field-name-last wpforms-field-required\" name=\"wpforms[fields][0][last]\" required><label for=\"wpforms-233-field_0-last\" class=\"wpforms-field-sublabel after wpforms-sublabel-hide\">Soyad<\/label><\/div><\/div><\/div><div id=\"wpforms-233-field_4-container\" class=\"wpforms-field wpforms-field-phone\" data-field-id=\"4\"><label class=\"wpforms-field-label\" for=\"wpforms-233-field_4\">Telefon Numaran\u0131z <span class=\"wpforms-required-label\">*<\/span><\/label><input type=\"tel\" id=\"wpforms-233-field_4\" class=\"wpforms-field-large wpforms-field-required wpforms-smart-phone-field\" data-rule-smart-phone-field=\"true\" name=\"wpforms[fields][4]\" placeholder=\"0 555 55 55 55\" required><\/div><div id=\"wpforms-233-field_1-container\" class=\"wpforms-field wpforms-field-email\" data-field-id=\"1\"><label class=\"wpforms-field-label\" for=\"wpforms-233-field_1\">E-Posta Adresiniz <span class=\"wpforms-required-label\">*<\/span><\/label><input type=\"email\" id=\"wpforms-233-field_1\" class=\"wpforms-field-large wpforms-field-required\" name=\"wpforms[fields][1]\" required><\/div><div id=\"wpforms-233-field_9-container\" class=\"wpforms-field wpforms-field-select\" data-field-id=\"9\"><label class=\"wpforms-field-label\" for=\"wpforms-233-field_9\">Konu <span class=\"wpforms-required-label\">*<\/span><\/label><select id=\"wpforms-233-field_9\" class=\"wpforms-field-large wpforms-field-required\" name=\"wpforms[fields][9]\" required=\"required\"><option value=\"Di\u011fer\" >Di\u011fer<\/option><option value=\"Yard\u0131m\" >Yard\u0131m<\/option><option value=\"Dilek &amp; \u015eikayet\" >Dilek &amp; \u015eikayet<\/option><\/select><\/div><div id=\"wpforms-233-field_2-container\" class=\"wpforms-field wpforms-field-textarea\" data-field-id=\"2\"><label class=\"wpforms-field-label\" for=\"wpforms-233-field_2\">Mesaj\u0131n\u0131z <span class=\"wpforms-required-label\">*<\/span><\/label><textarea id=\"wpforms-233-field_2\" class=\"wpforms-field-medium wpforms-field-required\" name=\"wpforms[fields][2]\" required><\/textarea><\/div><div id=\"wpforms-233-field_12-container\" class=\"wpforms-field wpforms-field-checkbox\" data-field-id=\"12\"><label class=\"wpforms-field-label wpforms-label-hide\" for=\"wpforms-233-field_12\">KVKK <span class=\"wpforms-required-label\">*<\/span><\/label><ul id=\"wpforms-233-field_12\" class=\"wpforms-field-required\"><li class=\"choice-1 depth-1\"><input type=\"checkbox\" id=\"wpforms-233-field_12_1\" name=\"wpforms[fields][12][]\" value=\"6998 say\u0131l\u0131 KVKK hakk\u0131nda &lt;a href=&quot;\/kvkk-bilgilendirmesi&quot; target=&quot;_blank&quot;&gt;bilgilendirmeyi&lt;\/a&gt; okudum ve anlad\u0131m.\" required ><label class=\"wpforms-field-label-inline\" for=\"wpforms-233-field_12_1\">6998 say\u0131l\u0131 KVKK hakk\u0131nda <a href=\"\/kvkk-bilgilendirmesi\" target=\"_blank\">bilgilendirmeyi<\/a> okudum ve anlad\u0131m.<\/label><\/li><\/ul><\/div><\/div><div class=\"wpforms-field wpforms-field-hp\"><label for=\"wpforms-233-field-hp\" class=\"wpforms-field-label\">Website<\/label><input type=\"text\" name=\"wpforms[hp]\" id=\"wpforms-233-field-hp\" class=\"wpforms-field-medium\"><\/div><div class=\"wpforms-submit-container\" ><input type=\"hidden\" name=\"wpforms[id]\" value=\"233\"><input type=\"hidden\" name=\"wpforms[author]\" value=\"1\"><button type=\"submit\" name=\"wpforms[submit]\" class=\"wpforms-submit \" id=\"wpforms-submit-233\" value=\"wpforms-submit\" aria-live=\"assertive\" data-alt-text=\"G\u00f6nderiliyor...\" data-submit-text=\"G\u00f6nder\">G\u00f6nder<\/button><\/div><\/form><\/div>  <!-- .wpforms-container -->\n","protected":false},"excerpt":{"rendered":"","protected":false},"author":1,"featured_media":0,"parent":0,"menu_order":0,"comment_status":"closed","ping_status":"closed","template":"templates\/iletisim.php","meta":[],"yoast_head":"<!-- This site is optimized with the Yoast SEO plugin v14.4.1 - https:\/\/yoast.com\/wordpress\/plugins\/seo\/ -->\n<title>Contact &laquo; Marka Di\u015f - Private Oral and Dental Health Center<\/title>\n<meta name=\"robots\" content=\"index, follow\" \/>\n<meta name=\"googlebot\" content=\"index, follow, max-snippet:-1, max-image-preview:large, max-video-preview:-1\" \/>\n<meta name=\"bingbot\" content=\"index, follow, max-snippet:-1, max-image-preview:large, max-video-preview:-1\" \/>\n<link rel=\"canonical\" href=\"https:\/\/en.markadis.com.tr\/tr\/contact\/\" \/>\n<meta property=\"og:locale\" content=\"tr_TR\" \/>\n<meta property=\"og:type\" content=\"article\" \/>\n<meta property=\"og:title\" content=\"Contact &laquo; Marka Di\u015f - Private Oral and Dental Health Center\" \/>\n<meta property=\"og:url\" content=\"https:\/\/en.markadis.com.tr\/contact\/\" \/>\n<meta property=\"og:site_name\" content=\"Marka Di\u015f - Private Oral and Dental Health Center\" \/>\n<meta property=\"article:publisher\" content=\"https:\/\/www.facebook.com\/MarkaDisMerkezi\/\" \/>\n<meta property=\"article:modified_time\" content=\"2022-10-04T13:25:20+00:00\" \/>\n<meta name=\"twitter:card\" content=\"summary_large_image\" \/>\n<script type=\"application\/ld+json\" class=\"yoast-schema-graph\">{\"@context\":\"https:\/\/schema.org\",\"@graph\":[{\"@type\":\"WebSite\",\"@id\":\"https:\/\/en.markadis.com.tr\/tr\/#website\",\"url\":\"https:\/\/en.markadis.com.tr\/tr\/\",\"name\":\"Marka Di\\u015f - \\u00d6zel Marka A\\u011f\\u0131z ve Di\\u015f Sa\\u011fl\\u0131k Merkezi\",\"description\":\"\",\"potentialAction\":[{\"@type\":\"SearchAction\",\"target\":\"https:\/\/en.markadis.com.tr\/tr\/?s={search_term_string}\",\"query-input\":\"required name=search_term_string\"}],\"inLanguage\":\"tr\"},{\"@type\":\"WebPage\",\"@id\":\"https:\/\/en.markadis.com.tr\/contact\/#webpage\",\"url\":\"https:\/\/en.markadis.com.tr\/contact\/\",\"name\":\"Contact &laquo; Marka Di\\u015f - Private Oral and Dental Health Center\",\"isPartOf\":{\"@id\":\"https:\/\/en.markadis.com.tr\/tr\/#website\"},\"datePublished\":\"2020-06-28T16:59:08+00:00\",\"dateModified\":\"2022-10-04T13:25:20+00:00\",\"inLanguage\":\"tr\",\"potentialAction\":[{\"@type\":\"ReadAction\",\"target\":[\"https:\/\/en.markadis.com.tr\/contact\/\"]}]}]}<\/script>\n<!-- \/ Yoast SEO plugin. -->","_links":{"self":[{"href":"https:\/\/en.markadis.com.tr\/tr\/wp-json\/wp\/v2\/pages\/41\/"}],"collection":[{"href":"https:\/\/en.markadis.com.tr\/tr\/wp-json\/wp\/v2\/pages\/"}],"about":[{"href":"https:\/\/en.markadis.com.tr\/tr\/wp-json\/wp\/v2\/types\/page\/"}],"author":[{"embeddable":true,"href":"https:\/\/en.markadis.com.tr\/tr\/wp-json\/wp\/v2\/users\/1\/"}],"replies":[{"embeddable":true,"href":"https:\/\/en.markadis.com.tr\/tr\/wp-json\/wp\/v2\/comments\/?post=41"}],"version-history":[{"count":5,"href":"https:\/\/en.markadis.com.tr\/tr\/wp-json\/wp\/v2\/pages\/41\/revisions\/"}],"predecessor-version":[{"id":2357,"href":"https:\/\/en.markadis.com.tr\/tr\/wp-json\/wp\/v2\/pages\/41\/revisions\/2357\/"}],"wp:attachment":[{"href":"https:\/\/en.markadis.com.tr\/tr\/wp-json\/wp\/v2\/media\/?parent=41"}],"curies":[{"name":"wp","href":"https:\/\/api.w.org\/{rel}","templated":true}]}}