{"id":37,"date":"2020-06-28T16:34:26","date_gmt":"2020-06-28T16:34:26","guid":{"rendered":"http:\/\/www.wp.markadis.com.tr\/?page_id=37"},"modified":"2022-10-04T13:23:48","modified_gmt":"2022-10-04T13:23:48","slug":"our-doctors","status":"publish","type":"page","link":"https:\/\/en.markadis.com.tr\/tr\/our-doctors\/","title":{"rendered":"Our Doctors"},"content":{"rendered":"<p>A\u011f\u0131z ve Di\u015f Sa\u011fl\u0131\u011f\u0131 konusunda \u00e7e\u015fitli bran\u015flarda hizmet veren uzman hekimlerimizden randevu alarak, sa\u011fl\u0131kl\u0131 ve mutlu bir g\u00fcl\u00fcmsemeye kavu\u015fabilirsiniz.<\/p>\n","protected":false},"excerpt":{"rendered":"<p>A\u011f\u0131z ve Di\u015f Sa\u011fl\u0131\u011f\u0131 konusunda \u00e7e\u015fitli bran\u015flarda hizmet veren uzman hekimlerimizden randevu alarak, sa\u011fl\u0131kl\u0131 ve mutlu bir g\u00fcl\u00fcmsemeye kavu\u015fabilirsiniz.<\/p>\n","protected":false},"author":1,"featured_media":0,"parent":0,"menu_order":0,"comment_status":"closed","ping_status":"closed","template":"templates\/hekimlerimiz.php","meta":[],"yoast_head":"<!-- This site is optimized with the Yoast SEO plugin v14.4.1 - https:\/\/yoast.com\/wordpress\/plugins\/seo\/ -->\n<title>Our Doctors &laquo; Marka Di\u015f - Private Oral and Dental Health Center<\/title>\n<meta name=\"robots\" content=\"index, follow\" \/>\n<meta name=\"googlebot\" content=\"index, follow, max-snippet:-1, max-image-preview:large, max-video-preview:-1\" \/>\n<meta name=\"bingbot\" content=\"index, follow, max-snippet:-1, max-image-preview:large, max-video-preview:-1\" \/>\n<link rel=\"canonical\" href=\"https:\/\/en.markadis.com.tr\/tr\/our-doctors\/\" \/>\n<meta property=\"og:locale\" content=\"tr_TR\" \/>\n<meta property=\"og:type\" content=\"article\" \/>\n<meta property=\"og:title\" content=\"Our Doctors &laquo; Marka Di\u015f - Private Oral and Dental Health Center\" \/>\n<meta property=\"og:description\" content=\"A\u011f\u0131z ve Di\u015f Sa\u011fl\u0131\u011f\u0131 konusunda \u00e7e\u015fitli bran\u015flarda hizmet veren uzman hekimlerimizden randevu alarak, sa\u011fl\u0131kl\u0131 ve mutlu bir g\u00fcl\u00fcmsemeye kavu\u015fabilirsiniz.\" \/>\n<meta property=\"og:url\" content=\"https:\/\/en.markadis.com.tr\/our-doctors\/\" \/>\n<meta property=\"og:site_name\" content=\"Marka Di\u015f - Private Oral and Dental Health Center\" \/>\n<meta property=\"article:publisher\" content=\"https:\/\/www.facebook.com\/MarkaDisMerkezi\/\" \/>\n<meta property=\"article:modified_time\" content=\"2022-10-04T13:23:48+00:00\" \/>\n<meta name=\"twitter:card\" content=\"summary_large_image\" \/>\n<script type=\"application\/ld+json\" class=\"yoast-schema-graph\">{\"@context\":\"https:\/\/schema.org\",\"@graph\":[{\"@type\":\"WebSite\",\"@id\":\"https:\/\/en.markadis.com.tr\/tr\/#website\",\"url\":\"https:\/\/en.markadis.com.tr\/tr\/\",\"name\":\"Marka Di\\u015f - \\u00d6zel Marka A\\u011f\\u0131z ve Di\\u015f Sa\\u011fl\\u0131k Merkezi\",\"description\":\"\",\"potentialAction\":[{\"@type\":\"SearchAction\",\"target\":\"https:\/\/en.markadis.com.tr\/tr\/?s={search_term_string}\",\"query-input\":\"required name=search_term_string\"}],\"inLanguage\":\"tr\"},{\"@type\":\"WebPage\",\"@id\":\"https:\/\/en.markadis.com.tr\/our-doctors\/#webpage\",\"url\":\"https:\/\/en.markadis.com.tr\/our-doctors\/\",\"name\":\"Our Doctors &laquo; Marka Di\\u015f - Private Oral and Dental Health Center\",\"isPartOf\":{\"@id\":\"https:\/\/en.markadis.com.tr\/tr\/#website\"},\"datePublished\":\"2020-06-28T16:34:26+00:00\",\"dateModified\":\"2022-10-04T13:23:48+00:00\",\"inLanguage\":\"tr\",\"potentialAction\":[{\"@type\":\"ReadAction\",\"target\":[\"https:\/\/en.markadis.com.tr\/our-doctors\/\"]}]}]}<\/script>\n<!-- \/ Yoast SEO plugin. -->","_links":{"self":[{"href":"https:\/\/en.markadis.com.tr\/tr\/wp-json\/wp\/v2\/pages\/37\/"}],"collection":[{"href":"https:\/\/en.markadis.com.tr\/tr\/wp-json\/wp\/v2\/pages\/"}],"about":[{"href":"https:\/\/en.markadis.com.tr\/tr\/wp-json\/wp\/v2\/types\/page\/"}],"author":[{"embeddable":true,"href":"https:\/\/en.markadis.com.tr\/tr\/wp-json\/wp\/v2\/users\/1\/"}],"replies":[{"embeddable":true,"href":"https:\/\/en.markadis.com.tr\/tr\/wp-json\/wp\/v2\/comments\/?post=37"}],"version-history":[{"count":3,"href":"https:\/\/en.markadis.com.tr\/tr\/wp-json\/wp\/v2\/pages\/37\/revisions\/"}],"predecessor-version":[{"id":2356,"href":"https:\/\/en.markadis.com.tr\/tr\/wp-json\/wp\/v2\/pages\/37\/revisions\/2356\/"}],"wp:attachment":[{"href":"https:\/\/en.markadis.com.tr\/tr\/wp-json\/wp\/v2\/media\/?parent=37"}],"curies":[{"name":"wp","href":"https:\/\/api.w.org\/{rel}","templated":true}]}}